{"id":1522,"date":"2022-04-06T12:35:21","date_gmt":"2022-04-06T12:35:21","guid":{"rendered":"https:\/\/laeso-fish.dk\/wordpress\/home\/"},"modified":"2022-10-05T10:42:59","modified_gmt":"2022-10-05T10:42:59","slug":"home","status":"publish","type":"page","link":"https:\/\/laeso-fish.dk\/en\/","title":{"rendered":"Home"},"content":{"rendered":"<p>[et_pb_section fb_built=&#8221;1&#8243; _builder_version=&#8221;4.16&#8243; _module_preset=&#8221;default&#8221; background_enable_image=&#8221;off&#8221; background_video_mp4=&#8221;https:\/\/laeso-fish.dk\/wordpress\/wp-content\/uploads\/2021\/12\/laesoe_topvideo_loop_low.mp4&#8243; global_colors_info=&#8221;{}&#8221;][et_pb_row _builder_version=&#8221;4.16&#8243; _module_preset=&#8221;default&#8221; width=&#8221;100%&#8221; custom_padding=&#8221;200px||100px||false|false&#8221; global_colors_info=&#8221;{}&#8221;][et_pb_column type=&#8221;4_4&#8243; _builder_version=&#8221;4.16&#8243; _module_preset=&#8221;default&#8221; global_colors_info=&#8221;{}&#8221;][et_pb_text _builder_version=&#8221;4.16&#8243; _module_preset=&#8221;default&#8221; text_text_color=&#8221;#FFFFFF&#8221; text_font_size=&#8221;18px&#8221; header_font=&#8221;Merriweather|700|||||||&#8221; header_text_color=&#8221;#EBC08D&#8221; width_tablet=&#8221;&#8221; width_phone=&#8221;85%&#8221; width_last_edited=&#8221;on|phone&#8221; module_alignment_tablet=&#8221;&#8221; module_alignment_phone=&#8221;center&#8221; module_alignment_last_edited=&#8221;on|phone&#8221; global_colors_info=&#8221;{}&#8221;]<\/p>\n<h1 style=\"text-align: center;\">Closer to the sea<\/h1>\n<p style=\"text-align: center;\">We supply high quality products, with a short path from the sea<br \/>to customers in Denmark and all over the world.<\/p>\n<p>[\/et_pb_text][\/et_pb_column][\/et_pb_row][\/et_pb_section][et_pb_section fb_built=&#8221;1&#8243; _builder_version=&#8221;4.16&#8243; _module_preset=&#8221;default&#8221; background_color=&#8221;#f6fafe&#8221; background_image=&#8221;https:\/\/laeso-fish.dk\/wordpress\/wp-content\/uploads\/2021\/09\/illu_jomfruhummer.png&#8221; global_colors_info=&#8221;{}&#8221;][et_pb_row column_structure=&#8221;1_2,1_2&#8243; _builder_version=&#8221;4.16&#8243; _module_preset=&#8221;default&#8221; global_colors_info=&#8221;{}&#8221;][et_pb_column type=&#8221;1_2&#8243; _builder_version=&#8221;4.16&#8243; _module_preset=&#8221;default&#8221; global_colors_info=&#8221;{}&#8221;][et_pb_text _builder_version=&#8221;4.16&#8243; _module_preset=&#8221;default&#8221; header_2_font=&#8221;Merriweather|700|||||||&#8221; header_2_text_color=&#8221;#EBC08D&#8221; custom_margin=&#8221;-20px||||false|false&#8221; global_colors_info=&#8221;{}&#8221;]<\/p>\n<h2>High-quality langoustine for both restaurant and retail markets<\/h2>\n<p>[\/et_pb_text][et_pb_text _builder_version=&#8221;4.16&#8243; _module_preset=&#8221;default&#8221; text_font=&#8221;Merriweather||||||||&#8221; global_colors_info=&#8221;{}&#8221;]<\/p>\n<p>At <a href=\"https:\/\/laeso-fish.dk\/en\/about-us\/\">L\u00e6s\u00f8 Fiskeindustri <\/a>we supply langoustine, prawns and crab sticks for restaurants and supermarkets around the world.<\/p>\n<p>When fishermen bring in the night&#8217;s catch of <a href=\"https:\/\/laeso-fish.dk\/en\/langoustine\/\">langoustine<\/a>, we hand-sort and quality-check each one before it lands at restaurants and in refrigerated or frozen counters around the country.<\/p>\n<p>In our preparation of prawns and crab sticks, we use a unique brine recipe with a very special salt balance that we have spent many, many years developing. Our traditional brine, together with the high quality of the raw ingredients, helps to ensure that our <a href=\"https:\/\/laeso-fish.dk\/en\/brine-products\/\">brine products<\/a> are a taste experience beyond the ordinary.<\/p>\n<p>[\/et_pb_text][\/et_pb_column][et_pb_column type=&#8221;1_2&#8243; _builder_version=&#8221;4.16&#8243; _module_preset=&#8221;default&#8221; global_colors_info=&#8221;{}&#8221;][et_pb_image src=&#8221;https:\/\/laeso-fish.dk\/wordpress\/wp-content\/uploads\/2021\/12\/FOOD-8-scaled.jpg&#8221; title_text=&#8221;FOOD (8)&#8221; _builder_version=&#8221;4.16&#8243; _module_preset=&#8221;default&#8221; global_colors_info=&#8221;{}&#8221;][\/et_pb_image][\/et_pb_column][\/et_pb_row][et_pb_row _builder_version=&#8221;4.16&#8243; _module_preset=&#8221;default&#8221; global_colors_info=&#8221;{}&#8221;][et_pb_column type=&#8221;4_4&#8243; _builder_version=&#8221;4.16&#8243; _module_preset=&#8221;default&#8221; global_colors_info=&#8221;{}&#8221;][et_pb_text _builder_version=&#8221;4.16&#8243; _module_preset=&#8221;default&#8221; text_text_color=&#8221;#1D568F&#8221; global_colors_info=&#8221;{}&#8221;]Recipes[\/et_pb_text][et_pb_text _builder_version=&#8221;4.16&#8243; _module_preset=&#8221;default&#8221; header_2_font=&#8221;Merriweather|700|||||||&#8221; header_2_text_color=&#8221;#EBC08D&#8221; custom_margin=&#8221;-20px||||false|false&#8221; global_colors_info=&#8221;{}&#8221;]<\/p>\n<h2>From the sea to your dinner table<\/h2>\n<p>[\/et_pb_text][\/et_pb_column][\/et_pb_row][et_pb_row column_structure=&#8221;1_2,1_2&#8243; make_equal=&#8221;on&#8221; _builder_version=&#8221;4.16&#8243; _module_preset=&#8221;default&#8221; custom_margin=&#8221;-20px||||false|false&#8221; global_colors_info=&#8221;{}&#8221;][et_pb_column type=&#8221;1_2&#8243; _builder_version=&#8221;4.16&#8243; _module_preset=&#8221;default&#8221; background_enable_image=&#8221;off&#8221; global_colors_info=&#8221;{}&#8221;][et_pb_image src=&#8221;https:\/\/laeso-fish.dk\/wordpress\/wp-content\/uploads\/2021\/12\/FOOD-5-scaled.jpg&#8221; title_text=&#8221;FOOD (5)&#8221; _builder_version=&#8221;4.16&#8243; _module_preset=&#8221;default&#8221; z_index=&#8221;5&#8243; global_colors_info=&#8221;{}&#8221;][\/et_pb_image][et_pb_cta title=&#8221;White pizza with virgin langoustine tails, burrata and dill oil&#8221; button_url=&#8221;https:\/\/laeso-fish.dk\/en\/white-pizza-with-virgin-langoustine-tails-burrata-and-dill-oil\/&#8221; button_text=&#8221;Read the whole recipe&#8221; _builder_version=&#8221;4.16&#8243; _module_preset=&#8221;default&#8221; header_font=&#8221;Merriweather|700|||||||&#8221; header_text_align=&#8221;left&#8221; header_text_color=&#8221;#1D568F&#8221; header_font_size=&#8221;25px&#8221; header_line_height=&#8221;1.2em&#8221; body_text_align=&#8221;left&#8221; body_text_color=&#8221;#0E284D&#8221; body_font_size=&#8221;14px&#8221; background_color=&#8221;#FFFFFF&#8221; custom_button=&#8221;on&#8221; button_text_color=&#8221;#1D568F&#8221; button_bg_color=&#8221;rgba(29,86,143,0.17)&#8221; button_border_radius=&#8221;77px&#8221; button_font=&#8221;||||||||&#8221; button_use_icon=&#8221;off&#8221; button_alignment=&#8221;right&#8221; z_index=&#8221;10&#8243; width=&#8221;80%&#8221; width_tablet=&#8221;&#8221; width_phone=&#8221;90%&#8221; width_last_edited=&#8221;on|phone&#8221; module_alignment=&#8221;center&#8221; height=&#8221;230px&#8221; custom_margin=&#8221;-115px||||false|false&#8221; header_font_size_tablet=&#8221;&#8221; header_font_size_phone=&#8221;20px&#8221; header_font_size_last_edited=&#8221;on|phone&#8221; global_colors_info=&#8221;{}&#8221; button_text_color__hover_enabled=&#8221;on|desktop&#8221; button_text_color__hover=&#8221;#002E58&#8243;][\/et_pb_cta][\/et_pb_column][et_pb_column type=&#8221;1_2&#8243; _builder_version=&#8221;4.16&#8243; _module_preset=&#8221;default&#8221; global_colors_info=&#8221;{}&#8221;][et_pb_image src=&#8221;https:\/\/laeso-fish.dk\/wordpress\/wp-content\/uploads\/2021\/12\/FOOD-17-scaled.jpg&#8221; title_text=&#8221;FOOD (17)&#8221; _builder_version=&#8221;4.16&#8243; _module_preset=&#8221;default&#8221; z_index=&#8221;5&#8243; global_colors_info=&#8221;{}&#8221;][\/et_pb_image][et_pb_cta title=&#8221;Kohlrabi ravioli with langoustine&#8221; button_url=&#8221;https:\/\/laeso-fish.dk\/en\/kohlrabi-ravioli\/&#8221; button_text=&#8221;Read the whole recipe&#8221; _builder_version=&#8221;4.16&#8243; _module_preset=&#8221;default&#8221; header_font=&#8221;Merriweather||||||||&#8221; header_text_align=&#8221;left&#8221; header_text_color=&#8221;#1D568F&#8221; header_font_size=&#8221;25px&#8221; header_line_height=&#8221;1.2em&#8221; body_text_align=&#8221;left&#8221; body_text_color=&#8221;#0E284D&#8221; body_font_size=&#8221;14px&#8221; background_color=&#8221;#FFFFFF&#8221; custom_button=&#8221;on&#8221; button_text_color=&#8221;#1D568F&#8221; button_bg_color=&#8221;rgba(29,86,143,0.17)&#8221; button_border_radius=&#8221;77px&#8221; button_font=&#8221;|||||||#1D568F|&#8221; button_use_icon=&#8221;off&#8221; button_alignment=&#8221;right&#8221; z_index=&#8221;10&#8243; width=&#8221;80%&#8221; width_tablet=&#8221;&#8221; width_phone=&#8221;90%&#8221; width_last_edited=&#8221;on|phone&#8221; module_alignment=&#8221;center&#8221; height=&#8221;230px&#8221; height_tablet=&#8221;&#8221; height_phone=&#8221;&#8221; height_last_edited=&#8221;on|desktop&#8221; custom_margin=&#8221;-115px||||false|false&#8221; header_font_size_tablet=&#8221;&#8221; header_font_size_phone=&#8221;20px&#8221; header_font_size_last_edited=&#8221;on|phone&#8221; global_colors_info=&#8221;{}&#8221; button_text_color__hover_enabled=&#8221;on|desktop&#8221; button_text_color__hover=&#8221;#002E58&#8243;][\/et_pb_cta][\/et_pb_column][\/et_pb_row][et_pb_row make_equal=&#8221;on&#8221; _builder_version=&#8221;4.16&#8243; _module_preset=&#8221;default&#8221; global_colors_info=&#8221;{}&#8221;][et_pb_column type=&#8221;4_4&#8243; _builder_version=&#8221;4.16&#8243; _module_preset=&#8221;default&#8221; global_colors_info=&#8221;{}&#8221;][et_pb_text _builder_version=&#8221;4.16&#8243; _module_preset=&#8221;default&#8221; text_font=&#8221;||||||||&#8221; module_alignment=&#8221;center&#8221; link_option_url=&#8221;https:\/\/laeso-fish.dk\/wordpress\/en\/recipes\/&#8221; global_colors_info=&#8221;{}&#8221; text_text_color__hover_enabled=&#8221;on|hover&#8221; text_text_color__hover=&#8221;#002E58&#8243;]<\/p>\n<p style=\"text-align: center;\"><a href=\"https:\/\/laeso-fish.dk\/en\/recipes\/\">See more recipes<\/a><\/p>\n<p>[\/et_pb_text][\/et_pb_column][\/et_pb_row][\/et_pb_section][et_pb_section fb_built=&#8221;1&#8243; custom_padding_last_edited=&#8221;on|desktop&#8221; disabled_on=&#8221;off|off|off&#8221; admin_label=&#8221;section&#8221; module_id=&#8221;ontdek&#8221; _builder_version=&#8221;4.16&#8243; background_color=&#8221;#111111&#8243; custom_padding=&#8221;0px|1px|0px|0px||&#8221; custom_padding_tablet=&#8221;50px|0|50px|0&#8243; custom_padding_phone=&#8221;&#8221; transparent_background=&#8221;off&#8221; padding_mobile=&#8221;off&#8221; make_fullwidth=&#8221;off&#8221; use_custom_width=&#8221;off&#8221; width_unit=&#8221;off&#8221; custom_width_px=&#8221;1080px&#8221; custom_width_percent=&#8221;80%&#8221; global_colors_info=&#8221;{}&#8221;][et_pb_row column_structure=&#8221;1_2,1_2&#8243; use_custom_gutter=&#8221;on&#8221; gutter_width=&#8221;1&#8243; make_equal=&#8221;on&#8221; column_padding_mobile=&#8221;on&#8221; custom_padding_last_edited=&#8221;on|phone&#8221; admin_label=&#8221;row&#8221; module_class=&#8221; et_pb_row_fullwidth&#8221; _builder_version=&#8221;4.16&#8243; parallax=&#8221;on&#8221; width=&#8221;100%&#8221; width_tablet=&#8221;100%&#8221; width_phone=&#8221;&#8221; width_last_edited=&#8221;on|desktop&#8221; max_width=&#8221;100%&#8221; max_width_tablet=&#8221;100%&#8221; max_width_phone=&#8221;&#8221; max_width_last_edited=&#8221;on|desktop&#8221; custom_margin_tablet=&#8221;&#8221; custom_margin_phone=&#8221;|||&#8221; custom_margin_last_edited=&#8221;on|desktop&#8221; custom_padding=&#8221;0px|0px|0px|0px&#8221; custom_padding_tablet=&#8221;&#8221; custom_padding_phone=&#8221;&#8221; make_fullwidth=&#8221;on&#8221; use_custom_width=&#8221;off&#8221; width_unit=&#8221;off&#8221; custom_width_px=&#8221;1080px&#8221; custom_width_percent=&#8221;80%&#8221; global_colors_info=&#8221;{}&#8221;][et_pb_column type=&#8221;1_2&#8243; module_class=&#8221;reserveerknop&#8221; _builder_version=&#8221;4.16&#8243; background_color=&#8221;#002E58&#8243; custom_padding=&#8221;|80px| |80px|false|true&#8221; global_colors_info=&#8221;{}&#8221; custom_padding__hover=&#8221;|||&#8221;][et_pb_text _builder_version=&#8221;4.16&#8243; _module_preset=&#8221;default&#8221; text_text_color=&#8221;#FFFFFF&#8221; custom_margin=&#8221;25%||||false|false&#8221; global_colors_info=&#8221;{}&#8221;]No unnecessary chemicals[\/et_pb_text][et_pb_text admin_label=&#8221;Text&#8221; _builder_version=&#8221;4.16&#8243; text_text_color=&#8221;#ffffff&#8221; text_font_size=&#8221;12px&#8221; header_font=&#8221;|on|||&#8221; header_text_color=&#8221;#ffffff&#8221; header_font_size=&#8221;97px&#8221; header_2_font=&#8221;Merriweather|700|||||||&#8221; header_2_text_color=&#8221;#EBC08D&#8221; background_size=&#8221;initial&#8221; background_position=&#8221;top_left&#8221; background_repeat=&#8221;repeat&#8221; text_orientation=&#8221;center&#8221; module_alignment=&#8221;center&#8221; custom_padding=&#8221;|||&#8221; header_font_size_tablet=&#8221;&#8221; header_font_size_phone=&#8221;62px&#8221; header_font_size_last_edited=&#8221;on|desktop&#8221; header_2_font_size_tablet=&#8221;&#8221; header_2_font_size_phone=&#8221;25px&#8221; header_2_font_size_last_edited=&#8221;on|phone&#8221; use_border_color=&#8221;off&#8221; border_style=&#8221;solid&#8221; global_colors_info=&#8221;{}&#8221;]<\/p>\n<h2 style=\"text-align: left;\">Flavour and nutrition &#8211; and no sulphite<\/h2>\n<p>[\/et_pb_text][et_pb_text _builder_version=&#8221;4.16&#8243; _module_preset=&#8221;default&#8221; text_text_color=&#8221;#f0f5fa&#8221; custom_margin=&#8221;||15px||false|false&#8221; global_colors_info=&#8221;{}&#8221;]<\/p>\n<p>Seafood will turn black in a flash if you don&#8217;t do something to prevent it, but there are many ways to do this. Here, we make it simple. We only dip our products in one preservative. We believe that the path from the sea to the table should be short and free of unnecessary chemicals.<\/p>\n<p>[\/et_pb_text][et_pb_text _builder_version=&#8221;4.16&#8243; _module_preset=&#8221;default&#8221; text_font=&#8221;|||||||#EBC08D|&#8221; text_text_color=&#8221;#FFFFFF&#8221; link_font=&#8221;||||on||||&#8221; link_text_color=&#8221;#FFFFFF&#8221; module_alignment=&#8221;center&#8221; custom_padding_tablet=&#8221;||140px||false|false&#8221; custom_padding_phone=&#8221;&#8221; custom_padding_last_edited=&#8221;on|tablet&#8221; global_colors_info=&#8221;{}&#8221; text_text_color__hover_enabled=&#8221;on|hover&#8221; text_text_color__hover=&#8221;#EBC08D&#8221;]<\/p>\n<p style=\"text-align: left;\"><a href=\"https:\/\/laeso-fish.dk\/en\/recipes\/\">Read more about our products<\/a><\/p>\n<p>[\/et_pb_text][\/et_pb_column][et_pb_column type=&#8221;1_2&#8243; _builder_version=&#8221;4.16&#8243; custom_padding=&#8221;|||&#8221; global_colors_info=&#8221;{}&#8221; custom_padding__hover=&#8221;|||&#8221;][et_pb_image src=&#8221;https:\/\/laeso-fish.dk\/wordpress\/wp-content\/uploads\/2021\/12\/LAeSOe-96-scaled.jpg&#8221; title_text=&#8221;L\u00c6S\u00d8 (96)&#8221; align_tablet=&#8221;center&#8221; align_phone=&#8221;&#8221; align_last_edited=&#8221;on|desktop&#8221; admin_label=&#8221;Image&#8221; _builder_version=&#8221;4.16&#8243; animation_style=&#8221;fade&#8221; animation_direction=&#8221;left&#8221; animation_duration=&#8221;500ms&#8221; custom_css_before=&#8221;content:%22%22;||display: block;||height: 100%;||position: absolute;||top: 0;||left: 0;||width: 100%;||background-color: rgba(17, 17, 17, .1);&#8221; use_border_color=&#8221;off&#8221; border_color=&#8221;#ffffff&#8221; border_width=&#8221;1px&#8221; border_style=&#8221;solid&#8221; sticky=&#8221;off&#8221; always_center_on_mobile=&#8221;on&#8221; global_colors_info=&#8221;{}&#8221;] [\/et_pb_image][\/et_pb_column][\/et_pb_row][\/et_pb_section]<\/p>\n","protected":false},"excerpt":{"rendered":"<p>Closer to the sea We supply high quality products, with a short path from the seato customers in Denmark and all over the world.High-quality langoustine for both restaurant and retail marketsAt L\u00e6s\u00f8 Fiskeindustri we supply langoustine, prawns and crab sticks for restaurants and supermarkets around the world. When fishermen bring in the night&#8217;s catch of [&hellip;]<\/p>\n","protected":false},"author":1,"featured_media":0,"parent":0,"menu_order":0,"comment_status":"closed","ping_status":"closed","template":"","meta":{"_et_pb_use_builder":"on","_et_pb_old_content":"","_et_gb_content_width":"","footnotes":""},"class_list":["post-1522","page","type-page","status-publish","hentry"],"yoast_head":"<!-- This site is optimized with the Yoast SEO plugin v27.5 - https:\/\/yoast.com\/product\/yoast-seo-wordpress\/ -->\n<title>Home - L\u00e6s\u00f8 fisk<\/title>\n<meta name=\"robots\" content=\"index, follow, max-snippet:-1, max-image-preview:large, max-video-preview:-1\" \/>\n<link rel=\"canonical\" href=\"https:\/\/laeso-fish.dk\/en\/\" \/>\n<meta property=\"og:locale\" content=\"en_US\" \/>\n<meta property=\"og:type\" content=\"article\" \/>\n<meta property=\"og:title\" content=\"Home - L\u00e6s\u00f8 fisk\" \/>\n<meta property=\"og:description\" content=\"Closer to the sea We supply high quality products, with a short path from the seato customers in Denmark and all over the world.High-quality langoustine for both restaurant and retail marketsAt L\u00e6s\u00f8 Fiskeindustri we supply langoustine, prawns and crab sticks for restaurants and supermarkets around the world. When fishermen bring in the night&#039;s catch of [&hellip;]\" \/>\n<meta property=\"og:url\" content=\"https:\/\/laeso-fish.dk\/en\/\" \/>\n<meta property=\"og:site_name\" content=\"L\u00e6s\u00f8 fisk\" \/>\n<meta property=\"article:modified_time\" content=\"2022-10-05T10:42:59+00:00\" \/>\n<meta name=\"twitter:card\" content=\"summary_large_image\" \/>\n<meta name=\"twitter:label1\" content=\"Est. reading time\" \/>\n\t<meta name=\"twitter:data1\" content=\"4 minutes\" \/>\n<script type=\"application\/ld+json\" class=\"yoast-schema-graph\">{\"@context\":\"https:\\\/\\\/schema.org\",\"@graph\":[{\"@type\":\"WebPage\",\"@id\":\"https:\\\/\\\/laeso-fish.dk\\\/en\\\/\",\"url\":\"https:\\\/\\\/laeso-fish.dk\\\/en\\\/\",\"name\":\"Home - L\u00e6s\u00f8 fisk\",\"isPartOf\":{\"@id\":\"https:\\\/\\\/laeso-fish.dk\\\/en\\\/#website\"},\"datePublished\":\"2022-04-06T12:35:21+00:00\",\"dateModified\":\"2022-10-05T10:42:59+00:00\",\"breadcrumb\":{\"@id\":\"https:\\\/\\\/laeso-fish.dk\\\/en\\\/#breadcrumb\"},\"inLanguage\":\"en-US\",\"potentialAction\":[{\"@type\":\"ReadAction\",\"target\":[\"https:\\\/\\\/laeso-fish.dk\\\/en\\\/\"]}]},{\"@type\":\"BreadcrumbList\",\"@id\":\"https:\\\/\\\/laeso-fish.dk\\\/en\\\/#breadcrumb\",\"itemListElement\":[{\"@type\":\"ListItem\",\"position\":1,\"name\":\"Hjem\",\"item\":\"https:\\\/\\\/laeso-fish.dk\\\/en\\\/\"},{\"@type\":\"ListItem\",\"position\":2,\"name\":\"Home\"}]},{\"@type\":\"WebSite\",\"@id\":\"https:\\\/\\\/laeso-fish.dk\\\/en\\\/#website\",\"url\":\"https:\\\/\\\/laeso-fish.dk\\\/en\\\/\",\"name\":\"L\u00e6s\u00f8 fisk\",\"description\":\"L\u00e6s\u00f8 Fiskeindustri\",\"publisher\":{\"@id\":\"https:\\\/\\\/laeso-fish.dk\\\/en\\\/#organization\"},\"potentialAction\":[{\"@type\":\"SearchAction\",\"target\":{\"@type\":\"EntryPoint\",\"urlTemplate\":\"https:\\\/\\\/laeso-fish.dk\\\/en\\\/?s={search_term_string}\"},\"query-input\":{\"@type\":\"PropertyValueSpecification\",\"valueRequired\":true,\"valueName\":\"search_term_string\"}}],\"inLanguage\":\"en-US\"},{\"@type\":\"Organization\",\"@id\":\"https:\\\/\\\/laeso-fish.dk\\\/en\\\/#organization\",\"name\":\"L\u00e6s\u00f8 fisk\",\"url\":\"https:\\\/\\\/laeso-fish.dk\\\/en\\\/\",\"logo\":{\"@type\":\"ImageObject\",\"inLanguage\":\"en-US\",\"@id\":\"https:\\\/\\\/laeso-fish.dk\\\/en\\\/#\\\/schema\\\/logo\\\/image\\\/\",\"url\":\"https:\\\/\\\/laeso-fish.dk\\\/wordpress\\\/wp-content\\\/uploads\\\/2022\\\/04\\\/bundlogo.png\",\"contentUrl\":\"https:\\\/\\\/laeso-fish.dk\\\/wordpress\\\/wp-content\\\/uploads\\\/2022\\\/04\\\/bundlogo.png\",\"width\":150,\"height\":95,\"caption\":\"L\u00e6s\u00f8 fisk\"},\"image\":{\"@id\":\"https:\\\/\\\/laeso-fish.dk\\\/en\\\/#\\\/schema\\\/logo\\\/image\\\/\"}}]}<\/script>\n<!-- \/ Yoast SEO plugin. -->","yoast_head_json":{"title":"Home - L\u00e6s\u00f8 fisk","robots":{"index":"index","follow":"follow","max-snippet":"max-snippet:-1","max-image-preview":"max-image-preview:large","max-video-preview":"max-video-preview:-1"},"canonical":"https:\/\/laeso-fish.dk\/en\/","og_locale":"en_US","og_type":"article","og_title":"Home - L\u00e6s\u00f8 fisk","og_description":"Closer to the sea We supply high quality products, with a short path from the seato customers in Denmark and all over the world.High-quality langoustine for both restaurant and retail marketsAt L\u00e6s\u00f8 Fiskeindustri we supply langoustine, prawns and crab sticks for restaurants and supermarkets around the world. When fishermen bring in the night's catch of [&hellip;]","og_url":"https:\/\/laeso-fish.dk\/en\/","og_site_name":"L\u00e6s\u00f8 fisk","article_modified_time":"2022-10-05T10:42:59+00:00","twitter_card":"summary_large_image","twitter_misc":{"Est. reading time":"4 minutes"},"schema":{"@context":"https:\/\/schema.org","@graph":[{"@type":"WebPage","@id":"https:\/\/laeso-fish.dk\/en\/","url":"https:\/\/laeso-fish.dk\/en\/","name":"Home - L\u00e6s\u00f8 fisk","isPartOf":{"@id":"https:\/\/laeso-fish.dk\/en\/#website"},"datePublished":"2022-04-06T12:35:21+00:00","dateModified":"2022-10-05T10:42:59+00:00","breadcrumb":{"@id":"https:\/\/laeso-fish.dk\/en\/#breadcrumb"},"inLanguage":"en-US","potentialAction":[{"@type":"ReadAction","target":["https:\/\/laeso-fish.dk\/en\/"]}]},{"@type":"BreadcrumbList","@id":"https:\/\/laeso-fish.dk\/en\/#breadcrumb","itemListElement":[{"@type":"ListItem","position":1,"name":"Hjem","item":"https:\/\/laeso-fish.dk\/en\/"},{"@type":"ListItem","position":2,"name":"Home"}]},{"@type":"WebSite","@id":"https:\/\/laeso-fish.dk\/en\/#website","url":"https:\/\/laeso-fish.dk\/en\/","name":"L\u00e6s\u00f8 fisk","description":"L\u00e6s\u00f8 Fiskeindustri","publisher":{"@id":"https:\/\/laeso-fish.dk\/en\/#organization"},"potentialAction":[{"@type":"SearchAction","target":{"@type":"EntryPoint","urlTemplate":"https:\/\/laeso-fish.dk\/en\/?s={search_term_string}"},"query-input":{"@type":"PropertyValueSpecification","valueRequired":true,"valueName":"search_term_string"}}],"inLanguage":"en-US"},{"@type":"Organization","@id":"https:\/\/laeso-fish.dk\/en\/#organization","name":"L\u00e6s\u00f8 fisk","url":"https:\/\/laeso-fish.dk\/en\/","logo":{"@type":"ImageObject","inLanguage":"en-US","@id":"https:\/\/laeso-fish.dk\/en\/#\/schema\/logo\/image\/","url":"https:\/\/laeso-fish.dk\/wordpress\/wp-content\/uploads\/2022\/04\/bundlogo.png","contentUrl":"https:\/\/laeso-fish.dk\/wordpress\/wp-content\/uploads\/2022\/04\/bundlogo.png","width":150,"height":95,"caption":"L\u00e6s\u00f8 fisk"},"image":{"@id":"https:\/\/laeso-fish.dk\/en\/#\/schema\/logo\/image\/"}}]}},"_links":{"self":[{"href":"https:\/\/laeso-fish.dk\/en\/wp-json\/wp\/v2\/pages\/1522","targetHints":{"allow":["GET"]}}],"collection":[{"href":"https:\/\/laeso-fish.dk\/en\/wp-json\/wp\/v2\/pages"}],"about":[{"href":"https:\/\/laeso-fish.dk\/en\/wp-json\/wp\/v2\/types\/page"}],"author":[{"embeddable":true,"href":"https:\/\/laeso-fish.dk\/en\/wp-json\/wp\/v2\/users\/1"}],"replies":[{"embeddable":true,"href":"https:\/\/laeso-fish.dk\/en\/wp-json\/wp\/v2\/comments?post=1522"}],"version-history":[{"count":0,"href":"https:\/\/laeso-fish.dk\/en\/wp-json\/wp\/v2\/pages\/1522\/revisions"}],"wp:attachment":[{"href":"https:\/\/laeso-fish.dk\/en\/wp-json\/wp\/v2\/media?parent=1522"}],"curies":[{"name":"wp","href":"https:\/\/api.w.org\/{rel}","templated":true}]}}